{"id":6,"date":"2020-12-09T23:57:34","date_gmt":"2020-12-09T22:57:34","guid":{"rendered":"http:\/\/pta.univ.rzeszow.pl\/?page_id=6"},"modified":"2020-12-15T20:45:14","modified_gmt":"2020-12-15T19:45:14","slug":"o-pta","status":"publish","type":"page","link":"https:\/\/pta.ur.edu.pl\/","title":{"rendered":"O PTA"},"content":{"rendered":"\n<p><\/p>\n\n\n\n<p>Polskie Towarzystwo Akustyczne (PTA) jest stowarzyszeniem os\u00f3b  zajmuj\u0105cych si\u0119 dziedzin\u0105 akustyki. Oddzia\u0142 Rzeszowski PTA jest jednym z  siedmiu oddzia\u0142\u00f3w tego stowarzyszenia. Najwy\u017csz\u0105 w\u0142adz\u0105 PTA jest Zjazd  Delegat\u00f3w. Naczelnym organem realizuj\u0105cym cele statutowe stowarzyszenia i  reprezentuj\u0105cym PTA na zewn\u0105trz jest Zarz\u0105d G\u0142\u00f3wny. <\/p>\n\n\n\n<p>\nPTA jest cz\u0142onkiem stowarzyszonym Europejskiej Asocjacji Akustycznej \n(EAA)  \u2014 jednej z najwi\u0119kszych europejskich organizacji naukowych.\n<\/p>\n\n\n\n<p>\nPrace badawcze Oddzia\u0142u Rzeszowskiego PTA koncentruj\u0105 si\u0119 na nast\u0119puj\u0105cych zagadnieniach: <br>\n\n\u2022\tanaliza pola akustycznego p\u0142yt <br>\n\u2022\taktywne metody t\u0142umienia drga\u0144 i ha\u0142asu <br>\n\u2022\tpropagacja fal akustycznych w falowodach <br>\n\u2022\toddzia\u0142ywanie pola akustycznego na faz\u0119 rozproszon\u0105 <br>\n\u2022\taplikacja metody element\u00f3w brzegowych w akustyce <br>\n\u2022\tmetody matematyczne w akustyce \t<br>\n<br>Cz\u0142onkiem stowarzyszenia mog\u0105 by\u0107 nie tylko osoby fizyczne czynnie \ninteresuj\u0105ce si\u0119 zagadnieniami akustyki, ale r\u00f3wnie\u017c instytucje i \nzak\u0142ady pracy wspieraj\u0105ce walk\u0119 z ha\u0142asem i wibracjami oraz rozw\u00f3j \nakustyki. Zainteresowanych prosimy o wype\u0142nienie deklaracji.\n<\/p>\n\n\n\n<h6 class=\"wp-block-heading\" style=\"text-align:right\">\nPolskie Towarzystwo Akustyczne Oddzia\u0142 Rzesz\u00f3w\n<\/h6>\n\n\n\n<h2 class=\"wp-block-heading\"><\/h2>\n","protected":false},"excerpt":{"rendered":"<p>Polskie Towarzystwo Akustyczne (PTA) jest stowarzyszeniem os\u00f3b zajmuj\u0105cych si\u0119 dziedzin\u0105 akustyki. Oddzia\u0142 Rzeszowski PTA jest jednym z siedmiu oddzia\u0142\u00f3w tego stowarzyszenia. Najwy\u017csz\u0105 w\u0142adz\u0105 PTA jest Zjazd Delegat\u00f3w. Naczelnym organem realizuj\u0105cym cele statutowe stowarzyszenia i reprezentuj\u0105cym PTA na zewn\u0105trz jest Zarz\u0105d G\u0142\u00f3wny. PTA jest cz\u0142onkiem stowarzyszonym Europejskiej Asocjacji Akustycznej (EAA) \u2014 jednej z najwi\u0119kszych europejskich organizacji &hellip; <a href=\"https:\/\/pta.ur.edu.pl\/\" class=\"more-link\">Czytaj dalej <span class=\"screen-reader-text\">O PTA<\/span> <span class=\"meta-nav\">&rarr;<\/span><\/a><\/p>\n","protected":false},"author":1,"featured_media":42,"parent":0,"menu_order":0,"comment_status":"closed","ping_status":"closed","template":"","meta":{"footnotes":""},"folder":[],"_links":{"self":[{"href":"https:\/\/pta.ur.edu.pl\/index.php?rest_route=\/wp\/v2\/pages\/6"}],"collection":[{"href":"https:\/\/pta.ur.edu.pl\/index.php?rest_route=\/wp\/v2\/pages"}],"about":[{"href":"https:\/\/pta.ur.edu.pl\/index.php?rest_route=\/wp\/v2\/types\/page"}],"author":[{"embeddable":true,"href":"https:\/\/pta.ur.edu.pl\/index.php?rest_route=\/wp\/v2\/users\/1"}],"replies":[{"embeddable":true,"href":"https:\/\/pta.ur.edu.pl\/index.php?rest_route=%2Fwp%2Fv2%2Fcomments&post=6"}],"version-history":[{"count":11,"href":"https:\/\/pta.ur.edu.pl\/index.php?rest_route=\/wp\/v2\/pages\/6\/revisions"}],"predecessor-version":[{"id":59,"href":"https:\/\/pta.ur.edu.pl\/index.php?rest_route=\/wp\/v2\/pages\/6\/revisions\/59"}],"wp:featuredmedia":[{"embeddable":true,"href":"https:\/\/pta.ur.edu.pl\/index.php?rest_route=\/wp\/v2\/media\/42"}],"wp:attachment":[{"href":"https:\/\/pta.ur.edu.pl\/index.php?rest_route=%2Fwp%2Fv2%2Fmedia&parent=6"}],"wp:term":[{"taxonomy":"folder","embeddable":true,"href":"https:\/\/pta.ur.edu.pl\/index.php?rest_route=%2Fwp%2Fv2%2Ffolder&post=6"}],"curies":[{"name":"wp","href":"https:\/\/api.w.org\/{rel}","templated":true}]}}