{"id":35,"date":"2020-12-15T18:13:11","date_gmt":"2020-12-15T17:13:11","guid":{"rendered":"http:\/\/pta.univ.rzeszow.pl\/?page_id=35"},"modified":"2020-12-15T18:13:11","modified_gmt":"2020-12-15T17:13:11","slug":"osa","status":"publish","type":"page","link":"https:\/\/pta.ur.edu.pl\/?page_id=35","title":{"rendered":"OSA"},"content":{"rendered":"\n<p>Otwarte Seminarium z Akustyki (OSA) jest najwi\u0119ksz\u0105 og\u00f3lnopolsk\u0105 konferencj\u0105 akustyczn\u0105 organizowan\u0105 przez Polskie Towarzystwo Akustyczne oraz Komitet Akustyki Polskiej Akademii Nauk. Konferencja odbywa si\u0119 corocznie od 1950 roku. Tematyka Seminarium obejmuje wszystkie dzia\u0142y akustyki, umo\u017cliwia wymian\u0119 pogl\u0105d\u00f3w, metod badawczych, mo\u017cliwo\u015bci aplikacyjnych, stosowanych przez r\u00f3\u017cnych naukowc\u00f3w i praktyk\u00f3w, w r\u00f3\u017cnych ga\u0142\u0119ziach akustyki.<\/p>\n","protected":false},"excerpt":{"rendered":"<p>Otwarte Seminarium z Akustyki (OSA) jest najwi\u0119ksz\u0105 og\u00f3lnopolsk\u0105 konferencj\u0105 akustyczn\u0105 organizowan\u0105 przez Polskie Towarzystwo Akustyczne oraz Komitet Akustyki Polskiej Akademii Nauk. Konferencja odbywa si\u0119 corocznie od 1950 roku. Tematyka Seminarium obejmuje wszystkie dzia\u0142y akustyki, umo\u017cliwia wymian\u0119 pogl\u0105d\u00f3w, metod badawczych, mo\u017cliwo\u015bci aplikacyjnych, stosowanych przez r\u00f3\u017cnych naukowc\u00f3w i praktyk\u00f3w, w r\u00f3\u017cnych ga\u0142\u0119ziach akustyki.<\/p>\n","protected":false},"author":1,"featured_media":0,"parent":0,"menu_order":0,"comment_status":"closed","ping_status":"closed","template":"","meta":{"footnotes":""},"folder":[],"_links":{"self":[{"href":"https:\/\/pta.ur.edu.pl\/index.php?rest_route=\/wp\/v2\/pages\/35"}],"collection":[{"href":"https:\/\/pta.ur.edu.pl\/index.php?rest_route=\/wp\/v2\/pages"}],"about":[{"href":"https:\/\/pta.ur.edu.pl\/index.php?rest_route=\/wp\/v2\/types\/page"}],"author":[{"embeddable":true,"href":"https:\/\/pta.ur.edu.pl\/index.php?rest_route=\/wp\/v2\/users\/1"}],"replies":[{"embeddable":true,"href":"https:\/\/pta.ur.edu.pl\/index.php?rest_route=%2Fwp%2Fv2%2Fcomments&post=35"}],"version-history":[{"count":1,"href":"https:\/\/pta.ur.edu.pl\/index.php?rest_route=\/wp\/v2\/pages\/35\/revisions"}],"predecessor-version":[{"id":36,"href":"https:\/\/pta.ur.edu.pl\/index.php?rest_route=\/wp\/v2\/pages\/35\/revisions\/36"}],"wp:attachment":[{"href":"https:\/\/pta.ur.edu.pl\/index.php?rest_route=%2Fwp%2Fv2%2Fmedia&parent=35"}],"wp:term":[{"taxonomy":"folder","embeddable":true,"href":"https:\/\/pta.ur.edu.pl\/index.php?rest_route=%2Fwp%2Fv2%2Ffolder&post=35"}],"curies":[{"name":"wp","href":"https:\/\/api.w.org\/{rel}","templated":true}]}}