{"id":30,"date":"2020-12-15T18:07:34","date_gmt":"2020-12-15T17:07:34","guid":{"rendered":"http:\/\/pta.univ.rzeszow.pl\/?page_id=30"},"modified":"2023-06-14T12:08:57","modified_gmt":"2023-06-14T10:08:57","slug":"zapisy-do-pta-o-rzeszow","status":"publish","type":"page","link":"https:\/\/pta.ur.edu.pl\/?page_id=30","title":{"rendered":"Zapisy do PTA O\/Rzesz\u00f3w"},"content":{"rendered":"\n<p>Deklaracj\u0119\u00a0cz\u0142onkowsk\u0105\u00a0mo\u017cna pobra\u0107 <a href=\"http:\/\/pta.ur.edu.pl\/wp-content\/uploads\/Deklaracja_pta.docx\">tutaj<\/a>.<\/p>\n\n\n\n<p>Deklaracj\u0119 nale\u017cy przes\u0142a\u0107 na adres Sekretarza Oddzia\u0142u e-mail: gromar (at) ur.edu.pl<\/p>\n\n\n\n<p>Wysoko\u015b\u0107 sk\u0142adki cz\u0142onkowskiej:    <br>\n1) cz\u0142onkowie zwyczajni i nadzwyczajni zobowi\u0105zani s\u0105 do op\u0142acania sk\u0142adek w wysoko\u015bci 100 z\u0142 na rok <br>\n2) cz\u0142onkowie studenci zobowi\u0105zani s\u0105 do op\u0142acania sk\u0142adek w wysoko\u015bci 40 z\u0142 na rok (od 1 stycznia&nbsp; 2018 r.)<br>\n3) cz\u0142onkowie zwyczajni i nadzwyczajni o statusie pracuj\u0105cych emeryt\u00f3w zobowi\u0105zani s\u0105 do op\u0142acania sk\u0142adek w wysoko\u015bci takiej samej jak zwyczajni i nadzwyczajni.<\/p>\n","protected":false},"excerpt":{"rendered":"<p>Deklaracj\u0119\u00a0cz\u0142onkowsk\u0105\u00a0mo\u017cna pobra\u0107 tutaj. Deklaracj\u0119 nale\u017cy przes\u0142a\u0107 na adres Sekretarza Oddzia\u0142u e-mail: gromar (at) ur.edu.pl Wysoko\u015b\u0107 sk\u0142adki cz\u0142onkowskiej: 1) cz\u0142onkowie zwyczajni i nadzwyczajni zobowi\u0105zani s\u0105 do op\u0142acania sk\u0142adek w wysoko\u015bci 100 z\u0142 na rok 2) cz\u0142onkowie studenci zobowi\u0105zani s\u0105 do op\u0142acania sk\u0142adek w wysoko\u015bci 40 z\u0142 na rok (od 1 stycznia&nbsp; 2018 r.) 3) cz\u0142onkowie zwyczajni &hellip; <a href=\"https:\/\/pta.ur.edu.pl\/?page_id=30\" class=\"more-link\">Czytaj dalej <span class=\"screen-reader-text\">Zapisy do PTA O\/Rzesz\u00f3w<\/span> <span class=\"meta-nav\">&rarr;<\/span><\/a><\/p>\n","protected":false},"author":1,"featured_media":0,"parent":0,"menu_order":0,"comment_status":"closed","ping_status":"closed","template":"","meta":{"footnotes":""},"folder":[],"_links":{"self":[{"href":"https:\/\/pta.ur.edu.pl\/index.php?rest_route=\/wp\/v2\/pages\/30"}],"collection":[{"href":"https:\/\/pta.ur.edu.pl\/index.php?rest_route=\/wp\/v2\/pages"}],"about":[{"href":"https:\/\/pta.ur.edu.pl\/index.php?rest_route=\/wp\/v2\/types\/page"}],"author":[{"embeddable":true,"href":"https:\/\/pta.ur.edu.pl\/index.php?rest_route=\/wp\/v2\/users\/1"}],"replies":[{"embeddable":true,"href":"https:\/\/pta.ur.edu.pl\/index.php?rest_route=%2Fwp%2Fv2%2Fcomments&post=30"}],"version-history":[{"count":3,"href":"https:\/\/pta.ur.edu.pl\/index.php?rest_route=\/wp\/v2\/pages\/30\/revisions"}],"predecessor-version":[{"id":588,"href":"https:\/\/pta.ur.edu.pl\/index.php?rest_route=\/wp\/v2\/pages\/30\/revisions\/588"}],"wp:attachment":[{"href":"https:\/\/pta.ur.edu.pl\/index.php?rest_route=%2Fwp%2Fv2%2Fmedia&parent=30"}],"wp:term":[{"taxonomy":"folder","embeddable":true,"href":"https:\/\/pta.ur.edu.pl\/index.php?rest_route=%2Fwp%2Fv2%2Ffolder&post=30"}],"curies":[{"name":"wp","href":"https:\/\/api.w.org\/{rel}","templated":true}]}}