{"id":26,"date":"2020-12-15T18:02:46","date_gmt":"2020-12-15T17:02:46","guid":{"rendered":"http:\/\/pta.univ.rzeszow.pl\/?page_id=26"},"modified":"2020-12-15T18:02:46","modified_gmt":"2020-12-15T17:02:46","slug":"kontakt","status":"publish","type":"page","link":"https:\/\/pta.ur.edu.pl\/?page_id=26","title":{"rendered":"Kontakt"},"content":{"rendered":"\n<p>Oddzia\u0142 Rzeszowski Polskiego Towarzystwa Akustycznego<br>\nUniwersytet Rzeszowski<br>\nAleja Rejtana 16c, 35-310 Rzesz\u00f3w<br>\nNIP: 7792062580   REGON: 000813170<\/p>\n\n\n\n<p>Sekretarz Oddzia\u0142u Rzeszowskiego PTA dr in\u017c. Marcin Grochowina <br>e-mail: gromar (at)ur.edu.pl<\/p>\n\n\n\n<p><\/p>\n","protected":false},"excerpt":{"rendered":"<p>Oddzia\u0142 Rzeszowski Polskiego Towarzystwa Akustycznego Uniwersytet Rzeszowski Aleja Rejtana 16c, 35-310 Rzesz\u00f3w NIP: 7792062580 REGON: 000813170 Sekretarz Oddzia\u0142u Rzeszowskiego PTA dr in\u017c. Marcin Grochowina e-mail: gromar (at)ur.edu.pl<\/p>\n","protected":false},"author":1,"featured_media":0,"parent":0,"menu_order":0,"comment_status":"closed","ping_status":"closed","template":"","meta":{"footnotes":""},"folder":[],"_links":{"self":[{"href":"https:\/\/pta.ur.edu.pl\/index.php?rest_route=\/wp\/v2\/pages\/26"}],"collection":[{"href":"https:\/\/pta.ur.edu.pl\/index.php?rest_route=\/wp\/v2\/pages"}],"about":[{"href":"https:\/\/pta.ur.edu.pl\/index.php?rest_route=\/wp\/v2\/types\/page"}],"author":[{"embeddable":true,"href":"https:\/\/pta.ur.edu.pl\/index.php?rest_route=\/wp\/v2\/users\/1"}],"replies":[{"embeddable":true,"href":"https:\/\/pta.ur.edu.pl\/index.php?rest_route=%2Fwp%2Fv2%2Fcomments&post=26"}],"version-history":[{"count":1,"href":"https:\/\/pta.ur.edu.pl\/index.php?rest_route=\/wp\/v2\/pages\/26\/revisions"}],"predecessor-version":[{"id":27,"href":"https:\/\/pta.ur.edu.pl\/index.php?rest_route=\/wp\/v2\/pages\/26\/revisions\/27"}],"wp:attachment":[{"href":"https:\/\/pta.ur.edu.pl\/index.php?rest_route=%2Fwp%2Fv2%2Fmedia&parent=26"}],"wp:term":[{"taxonomy":"folder","embeddable":true,"href":"https:\/\/pta.ur.edu.pl\/index.php?rest_route=%2Fwp%2Fv2%2Ffolder&post=26"}],"curies":[{"name":"wp","href":"https:\/\/api.w.org\/{rel}","templated":true}]}}